{"id":493,"date":"2024-09-08T18:22:03","date_gmt":"2024-09-08T15:22:03","guid":{"rendered":"https:\/\/hiraninyolculugu.com\/?page_id=493"},"modified":"2024-09-08T18:51:07","modified_gmt":"2024-09-08T15:51:07","slug":"yazilar","status":"publish","type":"page","link":"https:\/\/hiraninyolculugu.com\/index.php\/yazilar\/","title":{"rendered":"YAZILAR"},"content":{"rendered":"\n<figure class=\"wp-block-image alignleft size-large is-resized\"><img loading=\"lazy\" decoding=\"async\" width=\"1280\" height=\"853\" src=\"https:\/\/hiraninyolculugu.com\/wp-content\/uploads\/2024\/09\/sea-7214616_1280-2-edited.jpg\" alt=\"\" class=\"wp-image-536\" style=\"width:542px;height:auto\" srcset=\"https:\/\/hiraninyolculugu.com\/wp-content\/uploads\/2024\/09\/sea-7214616_1280-2-edited.jpg 1280w, https:\/\/hiraninyolculugu.com\/wp-content\/uploads\/2024\/09\/sea-7214616_1280-2-edited-300x200.jpg 300w, https:\/\/hiraninyolculugu.com\/wp-content\/uploads\/2024\/09\/sea-7214616_1280-2-edited-1024x682.jpg 1024w, https:\/\/hiraninyolculugu.com\/wp-content\/uploads\/2024\/09\/sea-7214616_1280-2-edited-768x512.jpg 768w\" sizes=\"auto, (max-width: 1280px) 100vw, 1280px\" \/><\/figure>\n\n\n\n<p><\/p>\n\n\n\n<p class=\"has-text-align-center\"><em>Duyduklar\u0131m\u0131z, g\u00f6rd\u00fcklerimiz, ya\u015fad\u0131klar\u0131m\u0131z hepsinde bize ait bir m\u00fch\u00fcr var..<\/em><\/p>\n\n\n\n<p class=\"has-text-align-center\"><em>Hayatta ya\u015fad\u0131klar\u0131m\u0131z, \u015fahit olduklar\u0131m\u0131z, \u00f6\u011frendiklerimiz, an\u0131n i\u00e7indeki olay veya duruma dair bir yarg\u0131 olu\u015fturuyor..<\/em><\/p>\n\n\n\n<p class=\"has-text-align-center\"><em>Yarg\u0131lar\u0131m\u0131z olmasayd\u0131, her s\u00fcrprize a\u00e7\u0131k olsayd\u0131k, her s\u00fcrprizi kabul edebilseydik, kendi zihnimizin m\u00fch\u00fcrlerini bir kenara atabilseydik g\u00f6nl\u00fcm\u00fcz\u00fcn geni\u015fli\u011fi hangi \u00f6l\u00e7\u00fc ile \u00f6l\u00e7\u00fcl\u00fcrd\u00fc?<\/em><\/p>\n\n\n\n<p class=\"has-text-align-center\"><strong>H\u0130RA**<\/strong><\/p>\n","protected":false},"excerpt":{"rendered":"<p>Duyduklar\u0131m\u0131z, g\u00f6rd\u00fcklerimiz, ya\u015fad\u0131klar\u0131m\u0131z hepsinde bize ait bir m\u00fch\u00fcr var.. Hayatta ya\u015fad\u0131klar\u0131m\u0131z, \u015fahit olduklar\u0131m\u0131z, \u00f6\u011frendiklerimiz, an\u0131n i\u00e7indeki olay veya duruma dair [&hellip;]<\/p>\n","protected":false},"author":1,"featured_media":527,"parent":0,"menu_order":0,"comment_status":"closed","ping_status":"closed","template":"","meta":{"site-sidebar-layout":"default","site-content-layout":"","ast-site-content-layout":"default","site-content-style":"default","site-sidebar-style":"default","ast-global-header-display":"","ast-banner-title-visibility":"","ast-main-header-display":"","ast-hfb-above-header-display":"","ast-hfb-below-header-display":"","ast-hfb-mobile-header-display":"","site-post-title":"","ast-breadcrumbs-content":"","ast-featured-img":"","footer-sml-layout":"","ast-disable-related-posts":"","theme-transparent-header-meta":"","adv-header-id-meta":"","stick-header-meta":"","header-above-stick-meta":"","header-main-stick-meta":"","header-below-stick-meta":"","astra-migrate-meta-layouts":"default","ast-page-background-enabled":"default","ast-page-background-meta":{"desktop":{"background-color":"var(--ast-global-color-4)","background-image":"","background-repeat":"repeat","background-position":"center center","background-size":"auto","background-attachment":"scroll","background-type":"","background-media":"","overlay-type":"","overlay-color":"","overlay-opacity":"","overlay-gradient":""},"tablet":{"background-color":"","background-image":"","background-repeat":"repeat","background-position":"center center","background-size":"auto","background-attachment":"scroll","background-type":"","background-media":"","overlay-type":"","overlay-color":"","overlay-opacity":"","overlay-gradient":""},"mobile":{"background-color":"","background-image":"","background-repeat":"repeat","background-position":"center center","background-size":"auto","background-attachment":"scroll","background-type":"","background-media":"","overlay-type":"","overlay-color":"","overlay-opacity":"","overlay-gradient":""}},"ast-content-background-meta":{"desktop":{"background-color":"var(--ast-global-color-5)","background-image":"","background-repeat":"repeat","background-position":"center center","background-size":"auto","background-attachment":"scroll","background-type":"","background-media":"","overlay-type":"","overlay-color":"","overlay-opacity":"","overlay-gradient":""},"tablet":{"background-color":"var(--ast-global-color-5)","background-image":"","background-repeat":"repeat","background-position":"center center","background-size":"auto","background-attachment":"scroll","background-type":"","background-media":"","overlay-type":"","overlay-color":"","overlay-opacity":"","overlay-gradient":""},"mobile":{"background-color":"var(--ast-global-color-5)","background-image":"","background-repeat":"repeat","background-position":"center center","background-size":"auto","background-attachment":"scroll","background-type":"","background-media":"","overlay-type":"","overlay-color":"","overlay-opacity":"","overlay-gradient":""}},"jetpack_post_was_ever_published":false,"footnotes":""},"class_list":["post-493","page","type-page","status-publish","has-post-thumbnail","hentry"],"jetpack_sharing_enabled":true,"_links":{"self":[{"href":"https:\/\/hiraninyolculugu.com\/index.php\/wp-json\/wp\/v2\/pages\/493","targetHints":{"allow":["GET"]}}],"collection":[{"href":"https:\/\/hiraninyolculugu.com\/index.php\/wp-json\/wp\/v2\/pages"}],"about":[{"href":"https:\/\/hiraninyolculugu.com\/index.php\/wp-json\/wp\/v2\/types\/page"}],"author":[{"embeddable":true,"href":"https:\/\/hiraninyolculugu.com\/index.php\/wp-json\/wp\/v2\/users\/1"}],"replies":[{"embeddable":true,"href":"https:\/\/hiraninyolculugu.com\/index.php\/wp-json\/wp\/v2\/comments?post=493"}],"version-history":[{"count":4,"href":"https:\/\/hiraninyolculugu.com\/index.php\/wp-json\/wp\/v2\/pages\/493\/revisions"}],"predecessor-version":[{"id":537,"href":"https:\/\/hiraninyolculugu.com\/index.php\/wp-json\/wp\/v2\/pages\/493\/revisions\/537"}],"wp:featuredmedia":[{"embeddable":true,"href":"https:\/\/hiraninyolculugu.com\/index.php\/wp-json\/wp\/v2\/media\/527"}],"wp:attachment":[{"href":"https:\/\/hiraninyolculugu.com\/index.php\/wp-json\/wp\/v2\/media?parent=493"}],"curies":[{"name":"wp","href":"https:\/\/api.w.org\/{rel}","templated":true}]}}