{"id":411,"date":"2024-09-06T22:12:09","date_gmt":"2024-09-06T22:12:09","guid":{"rendered":"https:\/\/hiraninyolculugu.com\/?page_id=411"},"modified":"2024-09-08T23:37:14","modified_gmt":"2024-09-08T20:37:14","slug":"hiranin-yolculugu","status":"publish","type":"page","link":"https:\/\/hiraninyolculugu.com\/index.php\/hiranin-yolculugu\/","title":{"rendered":"HAKKIMDA"},"content":{"rendered":"\n<figure class=\"wp-block-image aligncenter size-full is-resized\"><img loading=\"lazy\" decoding=\"async\" width=\"1004\" height=\"591\" src=\"https:\/\/hiraninyolculugu.com\/wp-content\/uploads\/2024\/09\/Lacivert-Carpici-Emlak-Kartvizit_20240907_010304_0000-1.png\" alt=\"\" class=\"wp-image-546\" style=\"width:712px;height:auto\" srcset=\"https:\/\/hiraninyolculugu.com\/wp-content\/uploads\/2024\/09\/Lacivert-Carpici-Emlak-Kartvizit_20240907_010304_0000-1.png 1004w, https:\/\/hiraninyolculugu.com\/wp-content\/uploads\/2024\/09\/Lacivert-Carpici-Emlak-Kartvizit_20240907_010304_0000-1-300x177.png 300w, https:\/\/hiraninyolculugu.com\/wp-content\/uploads\/2024\/09\/Lacivert-Carpici-Emlak-Kartvizit_20240907_010304_0000-1-768x452.png 768w\" sizes=\"auto, (max-width: 1004px) 100vw, 1004px\" \/><\/figure>\n\n\n\n<p><\/p>\n\n\n\n<h1 class=\"wp-block-heading has-text-align-center has-black-color has-text-color has-link-color has-large-font-size wp-elements-f55db64be931146ed495b02dda3c23f2\">H\u0130RA&#8217;NIN YOLCULU\u011eU<\/h1>\n\n\n\n<p class=\"has-text-align-center has-black-color has-ast-global-color-5-background-color has-text-color has-background has-link-color wp-elements-bbf200de93e8f7192be8a4a886b232cc\">Beden, zihin ve maddenin ku\u015fatmas\u0131 alt\u0131ndaki bu asr\u0131n insanlar\u0131 olan bizlere, kalp ve ruhumuzun da \u00e7ok derinlerden de olsa duyurmaya \u00e7al\u0131\u015ft\u0131\u011f\u0131 bir sesi oldu\u011funu \u00f6\u011fretiyor hayatlar\u0131m\u0131z&#8230;Bazen \u00f6n\u00fcm\u00fcze \u00e7\u0131kan bir resimle, bazen hi\u00e7 tan\u0131mad\u0131\u011f\u0131m\u0131z duraktaki teyzenin konu\u015fmalar\u0131yla\u2026Duymad\u0131k\u00e7a tekrarlanan d\u00f6ng\u00fclerle, duymak istemedik\u00e7e hayat\u0131m\u0131z\u0131 ku\u015fatan g\u00f6r\u00fcnmez duvarlarla\u2026Duyup kabul etmedik\u00e7e can ac\u0131tan yaralarla\u2026Her yaran\u0131n da kalbe giden yollar\u0131 a\u00e7mak i\u00e7in g\u00f6nderildi\u011fi dilsiz, s\u00f6zs\u00fcz bir mektupla\u2026<\/p>\n\n\n\n<p class=\"has-text-align-center has-black-color has-text-color has-link-color wp-elements-518b2015ba44ec8c3f7829dfd2bbf510\">Hayatlar\u0131m\u0131z ve k\u00e2inat \u00e7ok ince yaz\u0131lm\u0131\u015f matematik hesaplar\u0131yla dolu\u2026&nbsp; Ve bu hesaplar bizi daima kendimize, asl\u0131m\u0131za d\u00f6n\u00fc\u015ft\u00fcrmek i\u00e7in t\u00fcm kainatla i\u015f birli\u011fi i\u00e7inde\u2026<\/p>\n\n\n\n<p class=\"has-text-align-center\">Yolu uzatmak da elimizde, yollarda beklemek de geri geri gelip tekrar i\u015flemleri ba\u015ftan almak da\u2026Menzile varamadan verilen s\u00fcreyi t\u00fcketmek de\u2026Yoldan emin, yolculuktan emin menzile varmak da elimizde\u2026<\/p>\n\n\n\n<p class=\"has-text-align-center\">Baz\u0131lar\u0131 i\u00e7in tek bir ad\u0131m, baz\u0131lar\u0131 i\u00e7in binlerce ad\u0131m kadar de\u011ferli, herkesin kendine has i\u015flenmi\u015f bir dantelas\u0131 var bu \u00f6rg\u00fcde\u2026<\/p>\n\n\n\n<p class=\"has-text-align-center\">Ben Hilal\u2026Kendi ger\u00e7ekliklerim i\u00e7inde bildi\u011fimi sand\u0131\u011f\u0131m bir d\u00fcnya hakikatiyle, duydu\u011fumu sand\u0131\u011f\u0131m kalp sesimle g\u00f6r\u00fcnmez duvarlara, tan\u0131ms\u0131z kap\u0131lara yolumu d\u00fc\u015f\u00fcrerek bir hayli vakit ge\u00e7irdim\u2026<\/p>\n\n\n\n<p class=\"has-text-align-center\">Ben Rabia\u2026Kendi ger\u00e7ekliklerim i\u00e7inde bildi\u011fimi sand\u0131\u011f\u0131m bir d\u00fcnya hakikatini, kalp ve ruhumu da dinleyerek, dantelama i\u015flenen \u00f6rg\u00fcn\u00fcn form\u00fcllerini do\u011fru okuyarak, imar etmeyi se\u00e7tim\u2026<\/p>\n\n\n\n<p class=\"has-text-align-center\">Kendimizin in\u015fa ve imar yolculu\u011funa niyet eden biz iki yolcuyu, yolun sahibi form\u00fcl\u00fcn\u00fc ancak kendisinin bildi\u011fi nak\u0131\u015flarla bir araya getirdi\u2026<\/p>\n\n\n\n<p class=\"has-text-align-center has-black-color has-text-color has-link-color wp-elements-33d9a706859321d07802cd5f8b569e08\">Hira\u2019n\u0131n yolculu\u011fu, i\u00e7imizde bir yerlerde saklad\u0131\u011f\u0131m\u0131z y\u00fcrek cennetini bulma gayreti ve bu yolculu\u011fun ser\u00fcvenini anlat\u0131yor\u2026<\/p>\n\n\n\n<p>\u0130\u00e7indeki aray\u0131\u015flar\u0131, yorgunluklar\u0131 ba\u015fka bir pencereden okumak isteyenleri, bu yolda bize e\u015flik etmek isteyenleri Hira\u2019n\u0131n yolculu\u011funda bekliyoruz\u2026<\/p>\n\n\n\n<p class=\"has-text-align-left\">&nbsp;<strong>&nbsp;&nbsp;&nbsp;&nbsp;&nbsp; H\u0130LAL \u015eENG\u0130L \/ RAB\u0130A AKS\u00d6Z<\/strong><\/p>\n\n\n\n<p class=\"has-text-align-left has-ast-global-color-5-background-color has-background has-medium-font-size\">                                                                                                                    &nbsp;&nbsp;&nbsp;&nbsp;&nbsp;&nbsp;&nbsp;&nbsp;<strong>H\u0130RA**<\/strong><\/p>\n\n\n<div class=\"is-default-size aligncenter wp-block-site-logo\"><a href=\"https:\/\/hiraninyolculugu.com\/\" class=\"custom-logo-link\" rel=\"home\"><img loading=\"lazy\" decoding=\"async\" width=\"512\" height=\"512\" src=\"https:\/\/hiraninyolculugu.com\/wp-content\/uploads\/2024\/04\/cropped-cropped-Black-Camera-Icon-Photography-Logo-1-2-104x104.png\" class=\"custom-logo\" alt=\"\" srcset=\"https:\/\/hiraninyolculugu.com\/wp-content\/uploads\/2024\/04\/cropped-cropped-Black-Camera-Icon-Photography-Logo-1-2.png 512w, https:\/\/hiraninyolculugu.com\/wp-content\/uploads\/2024\/04\/cropped-cropped-Black-Camera-Icon-Photography-Logo-1-2-300x300.png 300w, https:\/\/hiraninyolculugu.com\/wp-content\/uploads\/2024\/04\/cropped-cropped-Black-Camera-Icon-Photography-Logo-1-2-150x150.png 150w, https:\/\/hiraninyolculugu.com\/wp-content\/uploads\/2024\/04\/cropped-cropped-Black-Camera-Icon-Photography-Logo-1-2-104x104.png 104w\" sizes=\"auto, (max-width: 512px) 100vw, 512px\" \/><\/a><\/div>\n\n<div class=\"wp-block-jetpack-contact-form\"><a href=\"https:\/\/hiraninyolculugu.com\/index.php\/hiranin-yolculugu\/\" target=\"_blank\" rel=\"noopener noreferrer\">Bir form g\u00f6nderin.<\/a><\/div>","protected":false},"excerpt":{"rendered":"<p>H\u0130RA&#8217;NIN YOLCULU\u011eU Beden, zihin ve maddenin ku\u015fatmas\u0131 alt\u0131ndaki bu asr\u0131n insanlar\u0131 olan bizlere, kalp ve ruhumuzun da \u00e7ok derinlerden de [&hellip;]<\/p>\n","protected":false},"author":1,"featured_media":0,"parent":0,"menu_order":0,"comment_status":"closed","ping_status":"closed","template":"","meta":{"site-sidebar-layout":"default","site-content-layout":"","ast-site-content-layout":"default","site-content-style":"default","site-sidebar-style":"default","ast-global-header-display":"","ast-banner-title-visibility":"","ast-main-header-display":"","ast-hfb-above-header-display":"","ast-hfb-below-header-display":"","ast-hfb-mobile-header-display":"","site-post-title":"","ast-breadcrumbs-content":"","ast-featured-img":"","footer-sml-layout":"","ast-disable-related-posts":"","theme-transparent-header-meta":"","adv-header-id-meta":"","stick-header-meta":"","header-above-stick-meta":"","header-main-stick-meta":"","header-below-stick-meta":"","astra-migrate-meta-layouts":"default","ast-page-background-enabled":"default","ast-page-background-meta":{"desktop":{"background-color":"var(--ast-global-color-4)","background-image":"","background-repeat":"repeat","background-position":"center center","background-size":"auto","background-attachment":"scroll","background-type":"","background-media":"","overlay-type":"","overlay-color":"","overlay-opacity":"","overlay-gradient":""},"tablet":{"background-color":"","background-image":"","background-repeat":"repeat","background-position":"center center","background-size":"auto","background-attachment":"scroll","background-type":"","background-media":"","overlay-type":"","overlay-color":"","overlay-opacity":"","overlay-gradient":""},"mobile":{"background-color":"","background-image":"","background-repeat":"repeat","background-position":"center center","background-size":"auto","background-attachment":"scroll","background-type":"","background-media":"","overlay-type":"","overlay-color":"","overlay-opacity":"","overlay-gradient":""}},"ast-content-background-meta":{"desktop":{"background-color":"var(--ast-global-color-5)","background-image":"","background-repeat":"repeat","background-position":"center center","background-size":"auto","background-attachment":"scroll","background-type":"","background-media":"","overlay-type":"","overlay-color":"","overlay-opacity":"","overlay-gradient":""},"tablet":{"background-color":"var(--ast-global-color-5)","background-image":"","background-repeat":"repeat","background-position":"center center","background-size":"auto","background-attachment":"scroll","background-type":"","background-media":"","overlay-type":"","overlay-color":"","overlay-opacity":"","overlay-gradient":""},"mobile":{"background-color":"var(--ast-global-color-5)","background-image":"","background-repeat":"repeat","background-position":"center center","background-size":"auto","background-attachment":"scroll","background-type":"","background-media":"","overlay-type":"","overlay-color":"","overlay-opacity":"","overlay-gradient":""}},"jetpack_post_was_ever_published":false,"footnotes":""},"class_list":["post-411","page","type-page","status-publish","hentry"],"jetpack_sharing_enabled":true,"_links":{"self":[{"href":"https:\/\/hiraninyolculugu.com\/index.php\/wp-json\/wp\/v2\/pages\/411","targetHints":{"allow":["GET"]}}],"collection":[{"href":"https:\/\/hiraninyolculugu.com\/index.php\/wp-json\/wp\/v2\/pages"}],"about":[{"href":"https:\/\/hiraninyolculugu.com\/index.php\/wp-json\/wp\/v2\/types\/page"}],"author":[{"embeddable":true,"href":"https:\/\/hiraninyolculugu.com\/index.php\/wp-json\/wp\/v2\/users\/1"}],"replies":[{"embeddable":true,"href":"https:\/\/hiraninyolculugu.com\/index.php\/wp-json\/wp\/v2\/comments?post=411"}],"version-history":[{"count":13,"href":"https:\/\/hiraninyolculugu.com\/index.php\/wp-json\/wp\/v2\/pages\/411\/revisions"}],"predecessor-version":[{"id":547,"href":"https:\/\/hiraninyolculugu.com\/index.php\/wp-json\/wp\/v2\/pages\/411\/revisions\/547"}],"wp:attachment":[{"href":"https:\/\/hiraninyolculugu.com\/index.php\/wp-json\/wp\/v2\/media?parent=411"}],"curies":[{"name":"wp","href":"https:\/\/api.w.org\/{rel}","templated":true}]}}