{"id":385,"date":"2024-08-18T20:54:08","date_gmt":"2024-08-18T17:54:08","guid":{"rendered":"https:\/\/hiraninyolculugu.com\/?page_id=385"},"modified":"2024-10-13T23:52:48","modified_gmt":"2024-10-13T20:52:48","slug":"385-2","status":"publish","type":"page","link":"https:\/\/hiraninyolculugu.com\/index.php\/385-2\/","title":{"rendered":"ROTA"},"content":{"rendered":"\n<figure class=\"wp-block-image aligncenter is-resized\"><img loading=\"lazy\" decoding=\"async\" width=\"1280\" height=\"837\" src=\"https:\/\/hiraninyolculugu.com\/wp-content\/uploads\/2024\/08\/globe-2164673_1280.jpg\" alt=\"\" class=\"wp-image-386\" style=\"width:591px;height:auto\" srcset=\"https:\/\/hiraninyolculugu.com\/wp-content\/uploads\/2024\/08\/globe-2164673_1280.jpg 1280w, https:\/\/hiraninyolculugu.com\/wp-content\/uploads\/2024\/08\/globe-2164673_1280-300x196.jpg 300w, https:\/\/hiraninyolculugu.com\/wp-content\/uploads\/2024\/08\/globe-2164673_1280-1024x670.jpg 1024w, https:\/\/hiraninyolculugu.com\/wp-content\/uploads\/2024\/08\/globe-2164673_1280-768x502.jpg 768w\" sizes=\"auto, (max-width: 1280px) 100vw, 1280px\" \/><\/figure>\n\n\n\n<div style=\"height:30px\" aria-hidden=\"true\" class=\"wp-block-spacer\"><\/div>\n\n\n\n<p class=\"has-text-align-center has-small-font-size\"><strong>Buras\u0131 D\u00fcnya..<\/strong>.<\/p>\n\n\n\n<p class=\"has-text-align-center has-small-font-size\"><strong>Ya\u015fanm\u0131\u015f ve ya\u015fanacak hayatlar\u0131n ve hikayelerinin misafirhanesi.<\/strong>..<\/p>\n\n\n\n<p class=\"has-text-align-center has-small-font-size\"><strong>Kitaplar\u0131n, kulaklar\u0131n ve dillerin aktarabildikleri bu hikayeler kalplere ,zihinlere nice manalar ak\u0131tt\u0131&#8230;<\/strong><\/p>\n\n\n\n<p class=\"has-text-align-center has-small-font-size\"><strong>Her mana sahibine \u00f6zel a\u00e7\u0131ld\u0131,sadece sahibinin kuca\u011f\u0131na d\u00f6k\u00fcld\u00fc.Ya\u015famaya ve ya\u015fatmaya devam etti&#8230;<\/strong><\/p>\n\n\n\n<p class=\"has-text-align-center has-small-font-size\"><strong>Hikayenin ya\u015fayan\u0131, manan\u0131n kucak a\u00e7an\u0131, bu d\u00fcnya ser\u00fcvenini \u00e7oktan bitirip ebedi bir ser\u00fcvene yol alsa da arkadan&nbsp;gelenler kucaklar\u0131n\u0131 a\u00e7maya devam ettiler&#8230;<\/strong><\/p>\n\n\n\n<p class=\"has-text-align-center has-small-font-size\"><strong>Kiminin ismi kald\u0131,hikayesi kay\u0131p,kiminin de hikayesi kald\u0131,ismi kay\u0131p&#8230;<\/strong><\/p>\n\n\n\n<p class=\"has-text-align-center has-small-font-size\"><strong>Her hat\u0131rlan\u0131lan ve unutulan par\u00e7alara ra\u011fmen kalp ve ruhlar\u0131n mana ke\u015ffi devam etti&#8230; <\/strong><\/p>\n\n\n\n<p class=\"has-text-align-center has-small-font-size\"><strong>Hira&#8217;n\u0131n yolculu\u011fu nasibine d\u00fc\u015fen, kalp ve ruhunun r\u0131zk\u0131 olabilecek bu manalar\u0131, yakalay\u0131p kucak a\u00e7arak yolculuklar\u0131n\u0131 zenginle\u015ftirdi&#8230; <\/strong><\/p>\n\n\n\n<p class=\"has-text-align-center has-small-font-size\"><strong>Bazen kay\u0131p par\u00e7as\u0131n\u0131 konu\u015furken yan\u0131 ba\u015f\u0131nda e\u015flik etti, bir mana sultan\u0131n\u0131n hikayesi, bazen de ad\u0131m atmaya cesaretlendirdi hikayesi bilinmeyen bir isim&#8230; <\/strong><\/p>\n\n\n\n<p class=\"has-text-align-center has-small-font-size\"><strong>Bir g\u00f6le bak\u0131nca da ya\u015fayan hikayeler var bu rotada&#8230;<\/strong><\/p>\n\n\n\n<p class=\"has-text-align-center has-small-font-size\"><strong>Bir hayale ad\u0131m at\u0131nca da ya\u015fayan isimler&#8230; <\/strong><\/p>\n\n\n\n<p class=\"has-text-align-center has-small-font-size\"><strong>Rotam\u0131z kuca\u011f\u0131m\u0131z\u0131 a\u00e7t\u0131\u011f\u0131m\u0131zda nasibimize d\u00fc\u015fenler&#8230; <\/strong><\/p>\n\n\n\n<p class=\"has-text-align-center has-small-font-size\"><strong>Y\u00fcrek cenneti ke\u015fif yolculu\u011funun rotas\u0131, Hira&#8217;n\u0131n yolculu\u011funu okurken kendi manas\u0131n\u0131 ke\u015ffetmek isteyenler i\u00e7in&#8230; <\/strong><\/p>\n\n\n\n<p><\/p>\n\n\n\n<p><\/p>\n\n\n\n<p><\/p>\n\n\n\n<div class=\"wp-block-cover\"><span aria-hidden=\"true\" class=\"wp-block-cover__background has-background-dim\"><\/span><img loading=\"lazy\" decoding=\"async\" width=\"1920\" height=\"2560\" class=\"wp-block-cover__image-background wp-image-558\" alt=\"\" src=\"https:\/\/hiraninyolculugu.com\/wp-content\/uploads\/2024\/10\/IMG_20241006_154858-2-scaled.jpg\" data-object-fit=\"cover\" srcset=\"https:\/\/hiraninyolculugu.com\/wp-content\/uploads\/2024\/10\/IMG_20241006_154858-2-scaled.jpg 1920w, https:\/\/hiraninyolculugu.com\/wp-content\/uploads\/2024\/10\/IMG_20241006_154858-2-225x300.jpg 225w, https:\/\/hiraninyolculugu.com\/wp-content\/uploads\/2024\/10\/IMG_20241006_154858-2-768x1024.jpg 768w, https:\/\/hiraninyolculugu.com\/wp-content\/uploads\/2024\/10\/IMG_20241006_154858-2-1152x1536.jpg 1152w, https:\/\/hiraninyolculugu.com\/wp-content\/uploads\/2024\/10\/IMG_20241006_154858-2-1536x2048.jpg 1536w\" sizes=\"auto, (max-width: 1920px) 100vw, 1920px\" \/><div class=\"wp-block-cover__inner-container is-layout-flow wp-block-cover-is-layout-flow\">\n<blockquote class=\"wp-block-quote is-layout-flow wp-block-quote-is-layout-flow\">\n<p class=\"has-ast-global-color-5-color has-text-color has-link-color has-large-font-size wp-elements-1a84bf9ce1cff68c193a84db37d43ffb\"><a href=\"https:\/\/hiraninyolculugu.com\/index.php\/2024\/10\/13\/kim-bu-ozel-ve-guzel\/\" data-type=\"post\" data-id=\"552\">K\u0130M BU \u00d6ZEL VE G\u00dcZEL?<\/a><\/p>\n<\/blockquote>\n<\/div><\/div>\n\n\n\n<blockquote class=\"wp-block-quote has-medium-font-size is-layout-flow wp-block-quote-is-layout-flow\">\n<blockquote class=\"wp-block-quote is-layout-flow wp-block-quote-is-layout-flow\">\n<p>Misafiri oldu\u011fumuz \u00d6zel ve G\u00fczeller bize hep \u00f6nce bunu f\u0131s\u0131ldad\u0131\u2026<\/p>\n\n\n\n<p>&#8221;Y\u00fcr\u00fcmekten vazge\u00e7meyin\u2026&#8221;<\/p>\n\n\n\n<p class=\"has-text-align-right\"><strong>H\u0130RA**<\/strong><\/p>\n<\/blockquote>\n<\/blockquote>\n\n\n\n<p><\/p>\n","protected":false},"excerpt":{"rendered":"<p>Buras\u0131 D\u00fcnya&#8230; Ya\u015fanm\u0131\u015f ve ya\u015fanacak hayatlar\u0131n ve hikayelerinin misafirhanesi&#8230; Kitaplar\u0131n, kulaklar\u0131n ve dillerin aktarabildikleri bu hikayeler kalplere ,zihinlere nice manalar [&hellip;]<\/p>\n","protected":false},"author":1,"featured_media":0,"parent":0,"menu_order":0,"comment_status":"closed","ping_status":"closed","template":"","meta":{"site-sidebar-layout":"default","site-content-layout":"","ast-site-content-layout":"default","site-content-style":"default","site-sidebar-style":"default","ast-global-header-display":"","ast-banner-title-visibility":"","ast-main-header-display":"","ast-hfb-above-header-display":"","ast-hfb-below-header-display":"","ast-hfb-mobile-header-display":"","site-post-title":"","ast-breadcrumbs-content":"","ast-featured-img":"","footer-sml-layout":"","ast-disable-related-posts":"","theme-transparent-header-meta":"","adv-header-id-meta":"","stick-header-meta":"","header-above-stick-meta":"","header-main-stick-meta":"","header-below-stick-meta":"","astra-migrate-meta-layouts":"default","ast-page-background-enabled":"default","ast-page-background-meta":{"desktop":{"background-color":"var(--ast-global-color-4)","background-image":"","background-repeat":"repeat","background-position":"center center","background-size":"auto","background-attachment":"scroll","background-type":"","background-media":"","overlay-type":"","overlay-color":"","overlay-opacity":"","overlay-gradient":""},"tablet":{"background-color":"","background-image":"","background-repeat":"repeat","background-position":"center center","background-size":"auto","background-attachment":"scroll","background-type":"","background-media":"","overlay-type":"","overlay-color":"","overlay-opacity":"","overlay-gradient":""},"mobile":{"background-color":"","background-image":"","background-repeat":"repeat","background-position":"center center","background-size":"auto","background-attachment":"scroll","background-type":"","background-media":"","overlay-type":"","overlay-color":"","overlay-opacity":"","overlay-gradient":""}},"ast-content-background-meta":{"desktop":{"background-color":"var(--ast-global-color-5)","background-image":"","background-repeat":"repeat","background-position":"center center","background-size":"auto","background-attachment":"scroll","background-type":"","background-media":"","overlay-type":"","overlay-color":"","overlay-opacity":"","overlay-gradient":""},"tablet":{"background-color":"var(--ast-global-color-5)","background-image":"","background-repeat":"repeat","background-position":"center center","background-size":"auto","background-attachment":"scroll","background-type":"","background-media":"","overlay-type":"","overlay-color":"","overlay-opacity":"","overlay-gradient":""},"mobile":{"background-color":"var(--ast-global-color-5)","background-image":"","background-repeat":"repeat","background-position":"center center","background-size":"auto","background-attachment":"scroll","background-type":"","background-media":"","overlay-type":"","overlay-color":"","overlay-opacity":"","overlay-gradient":""}},"jetpack_post_was_ever_published":false,"footnotes":""},"class_list":["post-385","page","type-page","status-publish","hentry"],"jetpack_sharing_enabled":true,"_links":{"self":[{"href":"https:\/\/hiraninyolculugu.com\/index.php\/wp-json\/wp\/v2\/pages\/385","targetHints":{"allow":["GET"]}}],"collection":[{"href":"https:\/\/hiraninyolculugu.com\/index.php\/wp-json\/wp\/v2\/pages"}],"about":[{"href":"https:\/\/hiraninyolculugu.com\/index.php\/wp-json\/wp\/v2\/types\/page"}],"author":[{"embeddable":true,"href":"https:\/\/hiraninyolculugu.com\/index.php\/wp-json\/wp\/v2\/users\/1"}],"replies":[{"embeddable":true,"href":"https:\/\/hiraninyolculugu.com\/index.php\/wp-json\/wp\/v2\/comments?post=385"}],"version-history":[{"count":25,"href":"https:\/\/hiraninyolculugu.com\/index.php\/wp-json\/wp\/v2\/pages\/385\/revisions"}],"predecessor-version":[{"id":563,"href":"https:\/\/hiraninyolculugu.com\/index.php\/wp-json\/wp\/v2\/pages\/385\/revisions\/563"}],"wp:attachment":[{"href":"https:\/\/hiraninyolculugu.com\/index.php\/wp-json\/wp\/v2\/media?parent=385"}],"curies":[{"name":"wp","href":"https:\/\/api.w.org\/{rel}","templated":true}]}}