{"id":160,"date":"2024-05-01T23:06:17","date_gmt":"2024-05-01T23:06:17","guid":{"rendered":"https:\/\/hiraninyolculugu.com\/?page_id=160"},"modified":"2024-09-08T18:38:46","modified_gmt":"2024-09-08T15:38:46","slug":"yurek-cenneti","status":"publish","type":"page","link":"https:\/\/hiraninyolculugu.com\/","title":{"rendered":"H\u0130RA**"},"content":{"rendered":"\n<p><\/p>\n\n\n\n<figure class=\"wp-block-image aligncenter size-large is-resized\"><img loading=\"lazy\" decoding=\"async\" width=\"1024\" height=\"1024\" src=\"https:\/\/hiraninyolculugu.com\/wp-content\/uploads\/2024\/08\/8-1024x1024.png\" alt=\"\" class=\"wp-image-422\" style=\"width:404px;height:auto\" srcset=\"https:\/\/hiraninyolculugu.com\/wp-content\/uploads\/2024\/08\/8-1024x1024.png 1024w, https:\/\/hiraninyolculugu.com\/wp-content\/uploads\/2024\/08\/8-300x300.png 300w, https:\/\/hiraninyolculugu.com\/wp-content\/uploads\/2024\/08\/8-150x150.png 150w, https:\/\/hiraninyolculugu.com\/wp-content\/uploads\/2024\/08\/8-768x768.png 768w, https:\/\/hiraninyolculugu.com\/wp-content\/uploads\/2024\/08\/8.png 1080w\" sizes=\"auto, (max-width: 1024px) 100vw, 1024px\" \/><\/figure>\n\n\n\n<p><\/p>\n\n\n\n<h4 class=\"wp-block-heading alignwide has-text-align-center has-background has-medium-font-size\" style=\"background:linear-gradient(135deg,rgb(204,243,255) 0%,rgb(182,227,212) 50%,rgba(51,168,181,0.59) 100%)\">Y\u00dcREK CENNET\u0130<\/h4>\n\n\n\n<p><\/p>\n\n\n\n<p><\/p>\n\n\n\n<p><\/p>\n\n\n\n<p><\/p>\n\n\n<ul class=\"wp-block-latest-posts__list is-grid columns-3 aligncenter wp-block-latest-posts\"><li><div class=\"wp-block-latest-posts__featured-image alignleft\"><a href=\"https:\/\/hiraninyolculugu.com\/index.php\/2024\/10\/13\/kim-bu-ozel-ve-guzel\/\" aria-label=\"K\u0130M BU \u00d6ZEL VE G\u00dcZEL?\"><img loading=\"lazy\" decoding=\"async\" width=\"150\" height=\"150\" src=\"https:\/\/hiraninyolculugu.com\/wp-content\/uploads\/2024\/10\/IMG_20241006_154858-150x150.jpg\" class=\"attachment-thumbnail size-thumbnail wp-post-image\" alt=\"\" style=\"\" \/><\/a><\/div><a class=\"wp-block-latest-posts__post-title\" href=\"https:\/\/hiraninyolculugu.com\/index.php\/2024\/10\/13\/kim-bu-ozel-ve-guzel\/\">K\u0130M BU \u00d6ZEL VE G\u00dcZEL?<\/a><div class=\"wp-block-latest-posts__post-excerpt\">\u00d6zel ve g\u00fczellerin g\u00f6r\u00fcnmez elleriyle hayat yapraklar\u0131na nice sat\u0131rlar yazd\u0131\u011f\u0131 bir alemdeyiz\u2026 &nbsp;D\u00fcnyas\u0131n\u0131 bu alemle s\u0131n\u0131rland\u0131ranlar i\u00e7in bu imk\u00e2ns\u0131z ve mant\u0131k d\u0131\u015f\u0131 iken, ba\u015fka ebedi bir alemin mu\u015ftusuyla ya\u015fayanlar i\u00e7in bu bir hakikat\u2026 Kalp ve ruhunun kay\u0131p par\u00e7alar\u0131n\u0131 arayan ben ve benim gibiler i\u00e7in bu hakikat sonsuz ihsanlar\u0131 ile d\u00fcnyam\u0131 donatan Rabbimden bir hediye, bir\u2026 <a class=\"wp-block-latest-posts__read-more\" href=\"https:\/\/hiraninyolculugu.com\/index.php\/2024\/10\/13\/kim-bu-ozel-ve-guzel\/\" rel=\"noopener noreferrer\">Daha fazla okuyun<span class=\"screen-reader-text\">: K\u0130M BU \u00d6ZEL VE G\u00dcZEL?<\/span><\/a><\/div><\/li>\n<li><div class=\"wp-block-latest-posts__featured-image alignleft\"><a href=\"https:\/\/hiraninyolculugu.com\/index.php\/2024\/08\/18\/capa\/\" aria-label=\"\u00c7APA\"><img loading=\"lazy\" decoding=\"async\" width=\"150\" height=\"150\" src=\"https:\/\/hiraninyolculugu.com\/wp-content\/uploads\/2024\/08\/leaves-1037624_1280-150x150.jpg\" class=\"attachment-thumbnail size-thumbnail wp-post-image\" alt=\"\" style=\"\" \/><\/a><\/div><a class=\"wp-block-latest-posts__post-title\" href=\"https:\/\/hiraninyolculugu.com\/index.php\/2024\/08\/18\/capa\/\">\u00c7APA<\/a><div class=\"wp-block-latest-posts__post-excerpt\">Sevgili Yolda\u015f\u0131m&#8230; Geceleri balkonda horlayan bir kom\u015fum var,. Sesi evin i\u00e7ine kadar geliyor, salonun i\u00e7inde sesini duyuyorum her gece&#8230; Yats\u0131 oldu mu, namaz k\u0131lar k\u0131lmaz ge\u00e7iyor olmal\u0131 uyku k\u00f6\u015fesine.. Hep ayn\u0131 saatlerde uykuda.. Yaz aylar\u0131nda balkonda uyumak g\u00fczel fikir, san\u0131r\u0131m s\u0131ca\u011f\u0131 da pek sevmiyor&#8230; Nefes sesinden anlad\u0131\u011f\u0131m kadar\u0131yla biraz da ya\u015fl\u0131 galiba&#8230; Dedem de her\u2026 <a class=\"wp-block-latest-posts__read-more\" href=\"https:\/\/hiraninyolculugu.com\/index.php\/2024\/08\/18\/capa\/\" rel=\"noopener noreferrer\">Daha fazla okuyun<span class=\"screen-reader-text\">: \u00c7APA<\/span><\/a><\/div><\/li>\n<li><div class=\"wp-block-latest-posts__featured-image alignleft\"><a href=\"https:\/\/hiraninyolculugu.com\/index.php\/2024\/07\/14\/pencere\/\" aria-label=\"PENCERE\"><img loading=\"lazy\" decoding=\"async\" width=\"150\" height=\"150\" src=\"https:\/\/hiraninyolculugu.com\/wp-content\/uploads\/2024\/07\/IMG-20240710-WA0044-150x150.jpg\" class=\"attachment-thumbnail size-thumbnail wp-post-image\" alt=\"\" style=\"\" \/><\/a><\/div><a class=\"wp-block-latest-posts__post-title\" href=\"https:\/\/hiraninyolculugu.com\/index.php\/2024\/07\/14\/pencere\/\">PENCERE<\/a><div class=\"wp-block-latest-posts__post-excerpt\">Hayatlar\u0131m\u0131z\u0131n penceresini a\u00e7\u0131p i\u00e7eriye biraz ya\u011fmur kokusu, biraz sabah r\u00fczgar\u0131 biraz da g\u00fcne\u015f kabul etti\u011fimiz zamanlarday\u0131z&#8230; Hayat odac\u0131klar\u0131m\u0131zda t\u00fcllerimizi dans ettiren o \u0131l\u0131k esinti vakti\u2026 Yaz mevsimi, akan zaman\u0131n i\u00e7inde kendimize d\u00f6nmeyi hat\u0131rlatan, g\u00fcne\u015fle birlikte yeniden do\u011fabilece\u011fimize i\u015faret eden tazelenme vakti\u2026 \u00c7o\u011fu zaman yo\u011funluklardan s\u0131yr\u0131l\u0131p dinlenmek isteriz. Dinlenmekten kas\u0131t asl\u0131nda insan\u0131n kendisi ile kalma ihtiyac\u0131\u2026\u2026 <a class=\"wp-block-latest-posts__read-more\" href=\"https:\/\/hiraninyolculugu.com\/index.php\/2024\/07\/14\/pencere\/\" rel=\"noopener noreferrer\">Daha fazla okuyun<span class=\"screen-reader-text\">: PENCERE<\/span><\/a><\/div><\/li>\n<li><div class=\"wp-block-latest-posts__featured-image alignleft\"><a href=\"https:\/\/hiraninyolculugu.com\/index.php\/2024\/06\/11\/zayn\/\" aria-label=\"ZAYN\"><img loading=\"lazy\" decoding=\"async\" width=\"150\" height=\"150\" src=\"https:\/\/hiraninyolculugu.com\/wp-content\/uploads\/2024\/06\/gazze-150x150.png\" class=\"attachment-thumbnail size-thumbnail wp-post-image\" alt=\"\" style=\"\" srcset=\"https:\/\/hiraninyolculugu.com\/wp-content\/uploads\/2024\/06\/gazze-150x150.png 150w, https:\/\/hiraninyolculugu.com\/wp-content\/uploads\/2024\/06\/gazze-300x300.png 300w, https:\/\/hiraninyolculugu.com\/wp-content\/uploads\/2024\/06\/gazze-1024x1024.png 1024w, https:\/\/hiraninyolculugu.com\/wp-content\/uploads\/2024\/06\/gazze-768x768.png 768w, https:\/\/hiraninyolculugu.com\/wp-content\/uploads\/2024\/06\/gazze.png 1080w\" sizes=\"auto, (max-width: 150px) 100vw, 150px\" \/><\/a><\/div><a class=\"wp-block-latest-posts__post-title\" href=\"https:\/\/hiraninyolculugu.com\/index.php\/2024\/06\/11\/zayn\/\">ZAYN<\/a><div class=\"wp-block-latest-posts__post-excerpt\">Hayat ge\u00e7ici, k\u0131sa, az bir oyalan\u0131p ge\u00e7ece\u011fiz\u2026 Dalma, ba\u011flanma, \u00e7ok ehemmiyet verme dediler&#8230; Yine yanl\u0131\u015f anlam\u0131\u015f\u0131m hayat\u0131&#8230; &nbsp;&nbsp;&nbsp;&nbsp;&nbsp;&nbsp;&nbsp;&nbsp;&nbsp;&nbsp;&nbsp;&nbsp;&nbsp;&nbsp;&nbsp;&nbsp;&nbsp;&nbsp;&nbsp;&nbsp;&nbsp;&nbsp;&nbsp;&nbsp;&nbsp;&nbsp;&nbsp;&nbsp;&nbsp;&nbsp;&nbsp; &amp;&amp;&amp; \u0130ki saat \u00f6nce elindeki imkanlarla \u00e7ad\u0131rda yapt\u0131klar\u0131 pastay\u0131 payla\u015fan nur y\u00fczl\u00fc bir delikanl\u0131y\u0131 izlemi\u015ftim, \u00e7ok de\u011fil iki saat sonra ayn\u0131 delikanl\u0131n\u0131n bir atl\u0131 arabayla kalbi duran karde\u015fini imdatlarla hastaneye yeti\u015ftirmeye \u00e7al\u0131\u015ft\u0131\u011f\u0131n\u0131 izledim&#8230;\u0130ki payla\u015f\u0131m\u0131 aras\u0131nda sadece iki\u2026 <a class=\"wp-block-latest-posts__read-more\" href=\"https:\/\/hiraninyolculugu.com\/index.php\/2024\/06\/11\/zayn\/\" rel=\"noopener noreferrer\">Daha fazla okuyun<span class=\"screen-reader-text\">: ZAYN<\/span><\/a><\/div><\/li>\n<li><div class=\"wp-block-latest-posts__featured-image alignleft\"><a href=\"https:\/\/hiraninyolculugu.com\/index.php\/2024\/06\/10\/ferhat\/\" aria-label=\"FERHAT\"><img loading=\"lazy\" decoding=\"async\" width=\"150\" height=\"150\" src=\"https:\/\/hiraninyolculugu.com\/wp-content\/uploads\/2024\/06\/grades-786136_1280-150x150.jpg\" class=\"attachment-thumbnail size-thumbnail wp-post-image\" alt=\"\" style=\"\" srcset=\"https:\/\/hiraninyolculugu.com\/wp-content\/uploads\/2024\/06\/grades-786136_1280-150x150.jpg 150w, https:\/\/hiraninyolculugu.com\/wp-content\/uploads\/2024\/06\/grades-786136_1280-300x300.jpg 300w, https:\/\/hiraninyolculugu.com\/wp-content\/uploads\/2024\/06\/grades-786136_1280-1024x1024.jpg 1024w, https:\/\/hiraninyolculugu.com\/wp-content\/uploads\/2024\/06\/grades-786136_1280-768x768.jpg 768w, https:\/\/hiraninyolculugu.com\/wp-content\/uploads\/2024\/06\/grades-786136_1280.jpg 1280w\" sizes=\"auto, (max-width: 150px) 100vw, 150px\" \/><\/a><\/div><a class=\"wp-block-latest-posts__post-title\" href=\"https:\/\/hiraninyolculugu.com\/index.php\/2024\/06\/10\/ferhat\/\">FERHAT<\/a><div class=\"wp-block-latest-posts__post-excerpt\">Sevgili yolda\u015f\u0131m&#8230; Cihat ZAFER ne g\u00fczel s\u00f6ylemi\u015fti;Bo\u015fa delmi\u015fti Ferhat, kendi i\u00e7inin a\u015f\u0131las\u0131 doruklar\u0131 varken\u2026\u015eirin bir tuzak!Bo\u015funa d\u00fc\u015fm\u00fc\u015ft\u00fc \u00e7\u00f6llere Mecnun, i\u00e7inin kaynayan kumlar\u0131na basmak dururken\u2026Leyla, \u2018\u2019bir \u00f6zge cand\u0131\u2019\u2019, ka\u00e7ak ve uzak! Y\u00fcrek cennetimiz ne Leyla da ne de \u015eirin de\u2026Ne Ferhat\u2019\u0131n da\u011flar\u0131nda ne de Mecnun \u2018un \u00e7\u00f6llerinde\u2026 Ferhat\u2019\u0131n da\u011flar\u0131 a\u015ft\u0131racak kalbinin tam ortas\u0131nda, Mecnunun k\u0131zg\u0131n \u00e7\u00f6llerde\u2026 <a class=\"wp-block-latest-posts__read-more\" href=\"https:\/\/hiraninyolculugu.com\/index.php\/2024\/06\/10\/ferhat\/\" rel=\"noopener noreferrer\">Daha fazla okuyun<span class=\"screen-reader-text\">: FERHAT<\/span><\/a><\/div><\/li>\n<li><div class=\"wp-block-latest-posts__featured-image alignleft\"><a href=\"https:\/\/hiraninyolculugu.com\/index.php\/2024\/05\/26\/cumle\/\" aria-label=\"C\u00dcMLE\"><img loading=\"lazy\" decoding=\"async\" width=\"150\" height=\"150\" src=\"https:\/\/hiraninyolculugu.com\/wp-content\/uploads\/2024\/05\/sunflower-1521864_1280-1-150x150.jpg\" class=\"attachment-thumbnail size-thumbnail wp-post-image\" alt=\"\" style=\"\" \/><\/a><\/div><a class=\"wp-block-latest-posts__post-title\" href=\"https:\/\/hiraninyolculugu.com\/index.php\/2024\/05\/26\/cumle\/\">C\u00dcMLE<\/a><div class=\"wp-block-latest-posts__post-excerpt\">Sevgili yolda\u015f\u0131m\u2026 Bug\u00fcn \u00e7ok de\u011fer verdi\u011fim bir arkada\u015f\u0131m y\u0131llar \u00f6nce kendisi i\u00e7in hayalini kurdu\u011fumuz bir durumun ger\u00e7ekli\u011fine kavu\u015fmu\u015f. Bana, sen y\u0131llar \u00f6nce benim i\u00e7in bu konuda bir c\u00fcmle s\u00f6ylemi\u015ftin, o duan ger\u00e7ek oldu, ben ayn\u0131 o tek c\u00fcmlende tarif etti\u011fin hayaldekini ya\u015f\u0131yorum dedi ve hayalin ger\u00e7ekli\u011finin resmini payla\u015ft\u0131\u2026 Bir dua c\u00fcmlesi s\u00f6ylemi\u015ftim halbuki, hayalin ger\u00e7ek\u2026 <a class=\"wp-block-latest-posts__read-more\" href=\"https:\/\/hiraninyolculugu.com\/index.php\/2024\/05\/26\/cumle\/\" rel=\"noopener noreferrer\">Daha fazla okuyun<span class=\"screen-reader-text\">: C\u00dcMLE<\/span><\/a><\/div><\/li>\n<li><div class=\"wp-block-latest-posts__featured-image alignleft\"><a href=\"https:\/\/hiraninyolculugu.com\/index.php\/2024\/05\/25\/yapboz\/\" aria-label=\"YAPBOZ\"><img loading=\"lazy\" decoding=\"async\" width=\"150\" height=\"150\" src=\"https:\/\/hiraninyolculugu.com\/wp-content\/uploads\/2024\/05\/YAPBOZ-150x150.png\" class=\"attachment-thumbnail size-thumbnail wp-post-image\" alt=\"\" style=\"\" \/><\/a><\/div><a class=\"wp-block-latest-posts__post-title\" href=\"https:\/\/hiraninyolculugu.com\/index.php\/2024\/05\/25\/yapboz\/\">YAPBOZ<\/a><div class=\"wp-block-latest-posts__post-excerpt\">\u00c7o\u011fumuzun seyretti\u011fi bir sinema filminde kahraman\u0131m\u0131z, kendini ar\u0131yor\u2026Ben kimim, o mu, bu mu, yoksa \u015fu muyum?&nbsp; Hepsi miyim yoksa hi\u00e7biri miyim? Sorumluluk konusunu i\u015fledi\u011fimiz bir derste sorduk, kolyeyi olu\u015fturan el ele vermi\u015f zincir halkalar\u0131ndan biri mi olmak isteriz yoksa kay\u0131p oldu\u011fu sorumlulu\u011funu yerine getirmedi\u011fi i\u00e7in kolyenin tamamlanamad\u0131\u011f\u0131 eksik par\u00e7a m\u0131? Bir yapboz par\u00e7as\u0131ndaki yerini bulmu\u015f,\u2026 <a class=\"wp-block-latest-posts__read-more\" href=\"https:\/\/hiraninyolculugu.com\/index.php\/2024\/05\/25\/yapboz\/\" rel=\"noopener noreferrer\">Daha fazla okuyun<span class=\"screen-reader-text\">: YAPBOZ<\/span><\/a><\/div><\/li>\n<li><div class=\"wp-block-latest-posts__featured-image alignleft\"><a href=\"https:\/\/hiraninyolculugu.com\/index.php\/2024\/05\/15\/bereket\/\" aria-label=\"BEREKET\"><img loading=\"lazy\" decoding=\"async\" width=\"150\" height=\"150\" src=\"https:\/\/hiraninyolculugu.com\/wp-content\/uploads\/2024\/05\/grapes-3550733_1280-150x150.jpg\" class=\"attachment-thumbnail size-thumbnail wp-post-image\" alt=\"\" style=\"\" \/><\/a><\/div><a class=\"wp-block-latest-posts__post-title\" href=\"https:\/\/hiraninyolculugu.com\/index.php\/2024\/05\/15\/bereket\/\">BEREKET<\/a><div class=\"wp-block-latest-posts__post-excerpt\">Sevgili yolda\u015f\u0131m\u2026 Olmazlar\u0131 olduran, dolmazlar\u0131 co\u015fturan, uza\u011f\u0131 yak\u0131n, yak\u0131n\u0131 kolay k\u0131lan, mayas\u0131nda kabul, iman, teslimiyet bar\u0131nd\u0131ran bir s\u0131r bildim&#8230;Derininde Rabbinin s\u00fcrpriz l\u00fctuflar\u0131n\u0131 saklayan&#8230;Hazine dolu bir sand\u0131k\u2026Anahtar\u0131 sadece kalpte ta\u015f\u0131nan&#8230;Onunla var olan tam, onsuz var olan yar\u0131m eksik\u2026 Hat\u0131rlad\u0131n m\u0131? Yolcunun az\u0131\u011f\u0131, yolcunun yolda\u015f\u0131yd\u0131 bereket\u2026 Sevgili yolda\u015f\u0131m\u2026 Kucaklayamad\u0131\u011f\u0131m\u0131z hakikatlerimizin pe\u015fimizi b\u0131rakmad\u0131\u011f\u0131 bir yolculuktay\u0131z\u2026 Hem aray\u0131p hem\u2026 <a class=\"wp-block-latest-posts__read-more\" href=\"https:\/\/hiraninyolculugu.com\/index.php\/2024\/05\/15\/bereket\/\" rel=\"noopener noreferrer\">Daha fazla okuyun<span class=\"screen-reader-text\">: BEREKET<\/span><\/a><\/div><\/li>\n<li><div class=\"wp-block-latest-posts__featured-image alignleft\"><a href=\"https:\/\/hiraninyolculugu.com\/index.php\/2024\/05\/14\/tirtil\/\" aria-label=\"TIRTIL\"><img loading=\"lazy\" decoding=\"async\" width=\"150\" height=\"150\" src=\"https:\/\/hiraninyolculugu.com\/wp-content\/uploads\/2024\/05\/caterpillar-5170987_1280-1-150x150.jpg\" class=\"attachment-thumbnail size-thumbnail wp-post-image\" alt=\"\" style=\"\" \/><\/a><\/div><a class=\"wp-block-latest-posts__post-title\" href=\"https:\/\/hiraninyolculugu.com\/index.php\/2024\/05\/14\/tirtil\/\">TIRTIL<\/a><div class=\"wp-block-latest-posts__post-excerpt\">-Ne d\u00fc\u015f\u00fcn\u00fcyorsun? -Kaybettiklerimi\u2026 -Kaybettiklerini mi, kaybetti\u011fini sand\u0131klar\u0131n\u0131 m\u0131? -Zandan \u00f6tesi de\u011fil mi kaybetmek? Elimden \u00e7\u0131k\u0131p giden, ayr\u0131lan \u015feyler var\u2026Zaman\u0131m, y\u0131llar\u0131m mesela\u2026 -T\u0131rt\u0131l kozas\u0131n\u0131 m\u0131 kaybetti yoksa kanatlar\u0131n\u0131 m\u0131 kazand\u0131? -Her zaman kazan\u0131rs\u0131n m\u0131 diyorsun? -Kaybetti\u011fini sand\u0131klar\u0131n\u0131n, sana neler kazand\u0131rd\u0131klar\u0131n\u0131 fark etti\u011finde, her zaman kazan\u0131rs\u0131n\u2026Kozandan \u00e7\u0131karken kanatlar\u0131n\u0131 fark edersen, sana bah\u015fedilen u\u00e7may\u0131 fark edersen her zaman\u2026 <a class=\"wp-block-latest-posts__read-more\" href=\"https:\/\/hiraninyolculugu.com\/index.php\/2024\/05\/14\/tirtil\/\" rel=\"noopener noreferrer\">Daha fazla okuyun<span class=\"screen-reader-text\">: TIRTIL<\/span><\/a><\/div><\/li>\n<li><div class=\"wp-block-latest-posts__featured-image alignleft\"><a href=\"https:\/\/hiraninyolculugu.com\/index.php\/2024\/05\/12\/ozel-ve-guzel\/\" aria-label=\"\u00d6ZEL VE G\u00dcZEL\"><img loading=\"lazy\" decoding=\"async\" width=\"150\" height=\"150\" src=\"https:\/\/hiraninyolculugu.com\/wp-content\/uploads\/2024\/05\/birds-3120988_1280-150x150.jpg\" class=\"attachment-thumbnail size-thumbnail wp-post-image\" alt=\"\" style=\"\" \/><\/a><\/div><a class=\"wp-block-latest-posts__post-title\" href=\"https:\/\/hiraninyolculugu.com\/index.php\/2024\/05\/12\/ozel-ve-guzel\/\">\u00d6ZEL VE G\u00dcZEL<\/a><div class=\"wp-block-latest-posts__post-excerpt\">\u00d6zel ve G\u00fczelleri hat\u0131rlay\u0131p sahip \u00e7\u0131ksak, unutmay\u0131 tercih etti\u011fimiz kendimize, y\u00fcrek cennetlerimize de sahip \u00e7\u0131kmaz m\u0131y\u0131z? K\u0131\u015f\u0131n ortas\u0131nda g\u00fcne\u015fin a\u00e7t\u0131\u011f\u0131 bir g\u00fcn&#8230; -G\u00fcne\u015fin onun i\u00e7in a\u00e7t\u0131\u011f\u0131na inansayd\u0131 ve ertelemeseydi yolcu arzusunu, o g\u00fcn onunla birlikte yola \u00e7\u0131kan yolda\u015f da g\u00fcn\u00fcn sonunda \u2018\u2019Bug\u00fcn benim i\u00e7in a\u00e7m\u0131\u015f sanki g\u00fcne\u015f\u2019\u2019 der miydi? -Bilmem, derdi galiba&#8230; -Yolda\u015f yolcuya e\u015flik\u2026 <a class=\"wp-block-latest-posts__read-more\" href=\"https:\/\/hiraninyolculugu.com\/index.php\/2024\/05\/12\/ozel-ve-guzel\/\" rel=\"noopener noreferrer\">Daha fazla okuyun<span class=\"screen-reader-text\">: \u00d6ZEL VE G\u00dcZEL<\/span><\/a><\/div><\/li>\n<li><div class=\"wp-block-latest-posts__featured-image alignleft\"><a href=\"https:\/\/hiraninyolculugu.com\/index.php\/2024\/05\/09\/bahar\/\" aria-label=\"BAHAR\"><img loading=\"lazy\" decoding=\"async\" width=\"150\" height=\"150\" src=\"https:\/\/hiraninyolculugu.com\/wp-content\/uploads\/2024\/05\/cherry-blossom-6068004_1280-2-150x150.jpg\" class=\"attachment-thumbnail size-thumbnail wp-post-image\" alt=\"\" style=\"\" \/><\/a><\/div><a class=\"wp-block-latest-posts__post-title\" href=\"https:\/\/hiraninyolculugu.com\/index.php\/2024\/05\/09\/bahar\/\">BAHAR<\/a><div class=\"wp-block-latest-posts__post-excerpt\">Hayat\u0131n\u0131za anlam katmak i\u00e7in gelen, ya\u015fam\u0131n\u0131za baharlar getiren insanlar vard\u0131r. Baz\u0131 \u015feyler \u00f6nce bir r\u00fcyad\u0131r, bir hayaldir\u2026Sonra birileri gelir r\u00fcyalar\u0131n\u0131z\u0131, hen\u00fcz g\u00f6rmedikleriniz de bilmedikleriniz de dahil pek \u00e7ok hayalleri ger\u00e7ekle\u015ftirmeniz i\u00e7in vazifeli girer hayat\u0131n\u0131za&#8230; Hayat\u0131m\u0131n pek \u00e7ok d\u00f6neminde b\u00f6yle g\u00fczel insanlarla yolumu kesi\u015ftirdi Rabbim\u2026Kendimi karanl\u0131k, \u00e7\u0131kmazlarda hissetti\u011fim bir zaman aray\u0131\u015f\u0131ma bir \u00fcmit bulman\u0131n heyecan\u0131yla, benden\u2026 <a class=\"wp-block-latest-posts__read-more\" href=\"https:\/\/hiraninyolculugu.com\/index.php\/2024\/05\/09\/bahar\/\" rel=\"noopener noreferrer\">Daha fazla okuyun<span class=\"screen-reader-text\">: BAHAR<\/span><\/a><\/div><\/li>\n<\/ul>\n\n\n<hr class=\"wp-block-separator has-alpha-channel-opacity\"\/>\n\n\n\n<div style=\"height:100px\" aria-hidden=\"true\" class=\"wp-block-spacer\"><\/div>\n\n\n\n<p><\/p>\n\n\n\n<p><\/p>\n\n\n\n<p><\/p>\n\n\n\n<p><\/p>\n\n\n\n<p>Hira&#8217;n\u0131n yolculu\u011funu okudu\u011funuz i\u00e7in te\u015fekk\u00fcrler! Yeni g\u00f6nderilerden haberdar olmak i\u00e7in \u00fccretsiz abone olun.<\/p>\n\n\n<div class=\"wp-block-jetpack-subscriptions__supports-newline wp-block-jetpack-subscriptions\">\n\t\t<div>\n\t\t\t<div>\n\t\t\t\t<div>\n\t\t\t\t\t<p >\n\t\t\t\t\t\t<a href=\"https:\/\/hiraninyolculugu.com\/?post_type=page&#038;p=160\" style=\"font-size: 16px;padding: 15px 23px 15px 23px;margin: 0; margin-left: 10px;border-radius: 0px;border-width: 1px; background-color: #113AF5; color: #FFFFFF; text-decoration: none; white-space: nowrap; margin-left: 0\">Abone ol<\/a>\n\t\t\t\t\t<\/p>\n\t\t\t\t<\/div>\n\t\t\t<\/div>\n\t\t<\/div>\n\t<\/div>","protected":false},"excerpt":{"rendered":"<p>Y\u00dcREK CENNET\u0130 Hira&#8217;n\u0131n yolculu\u011funu okudu\u011funuz i\u00e7in te\u015fekk\u00fcrler! Yeni g\u00f6nderilerden haberdar olmak i\u00e7in \u00fccretsiz abone olun.<\/p>\n","protected":false},"author":1,"featured_media":0,"parent":0,"menu_order":0,"comment_status":"closed","ping_status":"closed","template":"","meta":{"site-sidebar-layout":"default","site-content-layout":"","ast-site-content-layout":"default","site-content-style":"default","site-sidebar-style":"default","ast-global-header-display":"","ast-banner-title-visibility":"","ast-main-header-display":"","ast-hfb-above-header-display":"","ast-hfb-below-header-display":"","ast-hfb-mobile-header-display":"","site-post-title":"","ast-breadcrumbs-content":"","ast-featured-img":"","footer-sml-layout":"","ast-disable-related-posts":"","theme-transparent-header-meta":"","adv-header-id-meta":"","stick-header-meta":"","header-above-stick-meta":"","header-main-stick-meta":"","header-below-stick-meta":"","astra-migrate-meta-layouts":"default","ast-page-background-enabled":"default","ast-page-background-meta":{"desktop":{"background-color":"var(--ast-global-color-4)","background-image":"","background-repeat":"repeat","background-position":"center center","background-size":"auto","background-attachment":"scroll","background-type":"","background-media":"","overlay-type":"","overlay-color":"","overlay-opacity":"","overlay-gradient":""},"tablet":{"background-color":"","background-image":"","background-repeat":"repeat","background-position":"center center","background-size":"auto","background-attachment":"scroll","background-type":"","background-media":"","overlay-type":"","overlay-color":"","overlay-opacity":"","overlay-gradient":""},"mobile":{"background-color":"","background-image":"","background-repeat":"repeat","background-position":"center center","background-size":"auto","background-attachment":"scroll","background-type":"","background-media":"","overlay-type":"","overlay-color":"","overlay-opacity":"","overlay-gradient":""}},"ast-content-background-meta":{"desktop":{"background-color":"var(--ast-global-color-5)","background-image":"","background-repeat":"repeat","background-position":"center center","background-size":"auto","background-attachment":"scroll","background-type":"","background-media":"","overlay-type":"","overlay-color":"","overlay-opacity":"","overlay-gradient":""},"tablet":{"background-color":"var(--ast-global-color-5)","background-image":"","background-repeat":"repeat","background-position":"center center","background-size":"auto","background-attachment":"scroll","background-type":"","background-media":"","overlay-type":"","overlay-color":"","overlay-opacity":"","overlay-gradient":""},"mobile":{"background-color":"var(--ast-global-color-5)","background-image":"","background-repeat":"repeat","background-position":"center center","background-size":"auto","background-attachment":"scroll","background-type":"","background-media":"","overlay-type":"","overlay-color":"","overlay-opacity":"","overlay-gradient":""}},"jetpack_post_was_ever_published":false,"footnotes":""},"class_list":["post-160","page","type-page","status-publish","hentry"],"jetpack_sharing_enabled":true,"_links":{"self":[{"href":"https:\/\/hiraninyolculugu.com\/index.php\/wp-json\/wp\/v2\/pages\/160","targetHints":{"allow":["GET"]}}],"collection":[{"href":"https:\/\/hiraninyolculugu.com\/index.php\/wp-json\/wp\/v2\/pages"}],"about":[{"href":"https:\/\/hiraninyolculugu.com\/index.php\/wp-json\/wp\/v2\/types\/page"}],"author":[{"embeddable":true,"href":"https:\/\/hiraninyolculugu.com\/index.php\/wp-json\/wp\/v2\/users\/1"}],"replies":[{"embeddable":true,"href":"https:\/\/hiraninyolculugu.com\/index.php\/wp-json\/wp\/v2\/comments?post=160"}],"version-history":[{"count":48,"href":"https:\/\/hiraninyolculugu.com\/index.php\/wp-json\/wp\/v2\/pages\/160\/revisions"}],"predecessor-version":[{"id":533,"href":"https:\/\/hiraninyolculugu.com\/index.php\/wp-json\/wp\/v2\/pages\/160\/revisions\/533"}],"wp:attachment":[{"href":"https:\/\/hiraninyolculugu.com\/index.php\/wp-json\/wp\/v2\/media?parent=160"}],"curies":[{"name":"wp","href":"https:\/\/api.w.org\/{rel}","templated":true}]}}